{"id":117,"date":"2024-12-05T10:48:50","date_gmt":"2024-12-05T10:48:50","guid":{"rendered":"https:\/\/new.mokana.lt\/?page_id=117"},"modified":"2026-03-31T16:58:40","modified_gmt":"2026-03-31T13:58:40","slug":"nestandartiniai-metalo-gaminiai","status":"publish","type":"page","link":"https:\/\/mokana.lt\/nestandartiniai-metalo-gaminiai\/","title":{"rendered":"Nestandartiniai metalo gaminiai"},"content":{"rendered":"<p>[et_pb_section fb_built=&#8221;1&#8243; fullwidth=&#8221;on&#8221; disabled_on=&#8221;on|off|off&#8221; _builder_version=&#8221;4.16&#8243; global_colors_info=&#8221;{}&#8221;][et_pb_fullwidth_slider _builder_version=&#8221;4.16&#8243; auto=&#8221;on&#8221; auto_speed=&#8221;5000&#8243; global_colors_info=&#8221;{}&#8221; button_text_size__hover_enabled=&#8221;off&#8221; button_one_text_size__hover_enabled=&#8221;off&#8221; button_two_text_size__hover_enabled=&#8221;off&#8221; button_text_color__hover_enabled=&#8221;off&#8221; button_one_text_color__hover_enabled=&#8221;off&#8221; button_two_text_color__hover_enabled=&#8221;off&#8221; button_border_width__hover_enabled=&#8221;off&#8221; button_one_border_width__hover_enabled=&#8221;off&#8221; button_two_border_width__hover_enabled=&#8221;off&#8221; button_border_color__hover_enabled=&#8221;off&#8221; button_one_border_color__hover_enabled=&#8221;off&#8221; button_two_border_color__hover_enabled=&#8221;off&#8221; button_border_radius__hover_enabled=&#8221;off&#8221; button_one_border_radius__hover_enabled=&#8221;off&#8221; button_two_border_radius__hover_enabled=&#8221;off&#8221; button_letter_spacing__hover_enabled=&#8221;off&#8221; button_one_letter_spacing__hover_enabled=&#8221;off&#8221; button_two_letter_spacing__hover_enabled=&#8221;off&#8221; button_bg_color__hover_enabled=&#8221;off&#8221; button_one_bg_color__hover_enabled=&#8221;off&#8221; button_two_bg_color__hover_enabled=&#8221;off&#8221;][et_pb_slide heading=&#8221;Automobilve\u017ei\u0173 remontas ir gamyba&#8221; button_text=&#8221;DAUGIAU&#8221; button_link=&#8221;\/automobilveziu-gamyba\/&#8221; use_bg_overlay=&#8221;on&#8221; bg_overlay_color=&#8221;rgba(0,0,0,0.4)&#8221; use_text_overlay=&#8221;off&#8221; _builder_version=&#8221;4.16&#8243; header_font=&#8221;|600|||||||&#8221; body_font=&#8221;|600|||||||&#8221; background_image=&#8221;https:\/\/new.mokana.lt\/wp-content\/uploads\/2024\/12\/autoveziu_remontas_gamyba_uab_mokana.jpg&#8221; custom_button=&#8221;on&#8221; button_bg_color=&#8221;#e42426&#8243; button_border_color=&#8221;#e42426&#8243; button_font=&#8221;||||||||&#8221; button_use_icon=&#8221;on&#8221; button_on_hover=&#8221;on&#8221; global_colors_info=&#8221;{}&#8221; button_text_size__hover_enabled=&#8221;off&#8221; button_one_text_size__hover_enabled=&#8221;off&#8221; button_two_text_size__hover_enabled=&#8221;off&#8221; button_text_color__hover_enabled=&#8221;off&#8221; button_one_text_color__hover_enabled=&#8221;off&#8221; button_two_text_color__hover_enabled=&#8221;off&#8221; button_border_width__hover_enabled=&#8221;off&#8221; button_one_border_width__hover_enabled=&#8221;off&#8221; button_two_border_width__hover_enabled=&#8221;off&#8221; button_border_color__hover_enabled=&#8221;off&#8221; button_one_border_color__hover_enabled=&#8221;off&#8221; button_two_border_color__hover_enabled=&#8221;off&#8221; button_border_radius__hover_enabled=&#8221;off&#8221; button_one_border_radius__hover_enabled=&#8221;off&#8221; button_two_border_radius__hover_enabled=&#8221;off&#8221; button_letter_spacing__hover_enabled=&#8221;off&#8221; button_one_letter_spacing__hover_enabled=&#8221;off&#8221; button_two_letter_spacing__hover_enabled=&#8221;off&#8221; button_bg_color__hover_enabled=&#8221;off&#8221; button_one_bg_color__hover_enabled=&#8221;off&#8221; button_two_bg_color__hover_enabled=&#8221;off&#8221; sticky_transition=&#8221;on&#8221;]<\/p>\n<p style=\"text-align: center;\">Remontuojame ir gaminame \u012fvairi\u0173 tip\u0173 automobilve\u017eius<\/p>\n<p>[\/et_pb_slide][et_pb_slide heading=&#8221;Nestandartiniai metalo gaminiai&#8221; button_text=&#8221;DAUGIAU&#8221; button_link=&#8221;\/metalo-gaminiai\/&#8221; use_bg_overlay=&#8221;on&#8221; bg_overlay_color=&#8221;rgba(0,0,0,0.4)&#8221; use_text_overlay=&#8221;off&#8221; _builder_version=&#8221;4.16&#8243; header_font=&#8221;|600|||||||&#8221; body_font=&#8221;|600|||||||&#8221; background_image=&#8221;https:\/\/new.mokana.lt\/wp-content\/uploads\/2024\/12\/metal_fence-wallpaper-1920&#215;1080-1.jpg&#8221; custom_button=&#8221;on&#8221; button_bg_color=&#8221;#e42426&#8243; button_border_color=&#8221;#e42426&#8243; button_font=&#8221;||||||||&#8221; button_use_icon=&#8221;on&#8221; button_on_hover=&#8221;on&#8221; global_colors_info=&#8221;{}&#8221; button_text_size__hover_enabled=&#8221;off&#8221; button_one_text_size__hover_enabled=&#8221;off&#8221; button_two_text_size__hover_enabled=&#8221;off&#8221; button_text_color__hover_enabled=&#8221;off&#8221; button_one_text_color__hover_enabled=&#8221;off&#8221; button_two_text_color__hover_enabled=&#8221;off&#8221; button_border_width__hover_enabled=&#8221;off&#8221; button_one_border_width__hover_enabled=&#8221;off&#8221; button_two_border_width__hover_enabled=&#8221;off&#8221; button_border_color__hover_enabled=&#8221;off&#8221; button_one_border_color__hover_enabled=&#8221;off&#8221; button_two_border_color__hover_enabled=&#8221;off&#8221; button_border_radius__hover_enabled=&#8221;off&#8221; button_one_border_radius__hover_enabled=&#8221;off&#8221; button_two_border_radius__hover_enabled=&#8221;off&#8221; button_letter_spacing__hover_enabled=&#8221;off&#8221; button_one_letter_spacing__hover_enabled=&#8221;off&#8221; button_two_letter_spacing__hover_enabled=&#8221;off&#8221; button_bg_color__hover_enabled=&#8221;off&#8221; button_one_bg_color__hover_enabled=&#8221;off&#8221; button_two_bg_color__hover_enabled=&#8221;off&#8221; sticky_transition=&#8221;on&#8221;]<\/p>\n<p style=\"text-align: center;\">Vart\u0173, tvor\u0173, varteli\u0173, tur\u0117kl\u0173, gamyba. \u012erengim\u0173 projektavimas ir gamyba<\/p>\n<p>[\/et_pb_slide][et_pb_slide heading=&#8221;Metalo apdirbimo paslaugos&#8221; button_text=&#8221;DAUGIAU&#8221; button_link=&#8221;\/metalo-apdirbimo-paslaugos\/&#8221; use_bg_overlay=&#8221;on&#8221; bg_overlay_color=&#8221;rgba(0,0,0,0.4)&#8221; use_text_overlay=&#8221;off&#8221; _builder_version=&#8221;4.16&#8243; header_font=&#8221;|600|||||||&#8221; body_font=&#8221;|600|||||||&#8221; background_image=&#8221;https:\/\/new.mokana.lt\/wp-content\/uploads\/2024\/12\/metalo_apdirbimas_uab_mokana.jpg&#8221; custom_button=&#8221;on&#8221; button_bg_color=&#8221;#e42426&#8243; button_border_color=&#8221;#e42426&#8243; button_font=&#8221;||||||||&#8221; button_use_icon=&#8221;on&#8221; button_on_hover=&#8221;on&#8221; global_colors_info=&#8221;{}&#8221; button_text_size__hover_enabled=&#8221;off&#8221; button_one_text_size__hover_enabled=&#8221;off&#8221; button_two_text_size__hover_enabled=&#8221;off&#8221; button_text_color__hover_enabled=&#8221;off&#8221; button_one_text_color__hover_enabled=&#8221;off&#8221; button_two_text_color__hover_enabled=&#8221;off&#8221; button_border_width__hover_enabled=&#8221;off&#8221; button_one_border_width__hover_enabled=&#8221;off&#8221; button_two_border_width__hover_enabled=&#8221;off&#8221; button_border_color__hover_enabled=&#8221;off&#8221; button_one_border_color__hover_enabled=&#8221;off&#8221; button_two_border_color__hover_enabled=&#8221;off&#8221; button_border_radius__hover_enabled=&#8221;off&#8221; button_one_border_radius__hover_enabled=&#8221;off&#8221; button_two_border_radius__hover_enabled=&#8221;off&#8221; button_letter_spacing__hover_enabled=&#8221;off&#8221; button_one_letter_spacing__hover_enabled=&#8221;off&#8221; button_two_letter_spacing__hover_enabled=&#8221;off&#8221; button_bg_color__hover_enabled=&#8221;off&#8221; button_one_bg_color__hover_enabled=&#8221;off&#8221; button_two_bg_color__hover_enabled=&#8221;off&#8221; sticky_transition=&#8221;on&#8221;]<\/p>\n<p style=\"text-align: center;\">Metalo \u0161ratavimas, virinimas, lankstymas, karpymas ir kitos paslaugos<\/p>\n<p>[\/et_pb_slide][et_pb_slide heading=&#8221;\u017dem\u0117s \u016bkio technikos remontas ir padargai&#8221; button_text=&#8221;DAUGIAU&#8221; button_link=&#8221;\/padargu-zemes-ukiui-gamyba-ir-remontas\/&#8221; use_bg_overlay=&#8221;on&#8221; bg_overlay_color=&#8221;rgba(0,0,0,0.4)&#8221; use_text_overlay=&#8221;off&#8221; _builder_version=&#8221;4.16&#8243; header_font=&#8221;|600|||||||&#8221; body_font=&#8221;|600|||||||&#8221; background_image=&#8221;https:\/\/new.mokana.lt\/wp-content\/uploads\/2024\/12\/zemes_ukio_technikos_remontas_uab_mokana.jpg&#8221; custom_button=&#8221;on&#8221; button_bg_color=&#8221;#e42426&#8243; button_border_color=&#8221;#e42426&#8243; button_font=&#8221;||||||||&#8221; button_use_icon=&#8221;on&#8221; button_on_hover=&#8221;on&#8221; global_colors_info=&#8221;{}&#8221; button_text_size__hover_enabled=&#8221;off&#8221; button_one_text_size__hover_enabled=&#8221;off&#8221; button_two_text_size__hover_enabled=&#8221;off&#8221; button_text_color__hover_enabled=&#8221;off&#8221; button_one_text_color__hover_enabled=&#8221;off&#8221; button_two_text_color__hover_enabled=&#8221;off&#8221; button_border_width__hover_enabled=&#8221;off&#8221; button_one_border_width__hover_enabled=&#8221;off&#8221; button_two_border_width__hover_enabled=&#8221;off&#8221; button_border_color__hover_enabled=&#8221;off&#8221; button_one_border_color__hover_enabled=&#8221;off&#8221; button_two_border_color__hover_enabled=&#8221;off&#8221; button_border_radius__hover_enabled=&#8221;off&#8221; button_one_border_radius__hover_enabled=&#8221;off&#8221; button_two_border_radius__hover_enabled=&#8221;off&#8221; button_letter_spacing__hover_enabled=&#8221;off&#8221; button_one_letter_spacing__hover_enabled=&#8221;off&#8221; button_two_letter_spacing__hover_enabled=&#8221;off&#8221; button_bg_color__hover_enabled=&#8221;off&#8221; button_one_bg_color__hover_enabled=&#8221;off&#8221; button_two_bg_color__hover_enabled=&#8221;off&#8221; sticky_transition=&#8221;on&#8221;]<\/p>\n<p style=\"text-align: center;\">\u017dem\u0117s \u016bkio technikos remontas, padarg\u0173 gamyba<\/p>\n<p>[\/et_pb_slide][et_pb_slide heading=&#8221;Statybin\u0117s metalo konstrukcijos&#8221; button_text=&#8221;DAUGIAU&#8221; button_link=&#8221;\/statybines-plienines-konstrukcijos\/&#8221; use_bg_overlay=&#8221;on&#8221; bg_overlay_color=&#8221;rgba(0,0,0,0.4)&#8221; use_text_overlay=&#8221;off&#8221; _builder_version=&#8221;4.16&#8243; header_font=&#8221;|600|||||||&#8221; body_font=&#8221;|600|||||||&#8221; background_image=&#8221;https:\/\/new.mokana.lt\/wp-content\/uploads\/2024\/12\/statybines_konstrukcijos_uab_mokana.jpg&#8221; custom_button=&#8221;on&#8221; button_bg_color=&#8221;#e42426&#8243; button_border_color=&#8221;#e42426&#8243; button_font=&#8221;||||||||&#8221; button_use_icon=&#8221;on&#8221; button_on_hover=&#8221;on&#8221; global_colors_info=&#8221;{}&#8221; button_text_size__hover_enabled=&#8221;off&#8221; button_one_text_size__hover_enabled=&#8221;off&#8221; button_two_text_size__hover_enabled=&#8221;off&#8221; button_text_color__hover_enabled=&#8221;off&#8221; button_one_text_color__hover_enabled=&#8221;off&#8221; button_two_text_color__hover_enabled=&#8221;off&#8221; button_border_width__hover_enabled=&#8221;off&#8221; button_one_border_width__hover_enabled=&#8221;off&#8221; button_two_border_width__hover_enabled=&#8221;off&#8221; button_border_color__hover_enabled=&#8221;off&#8221; button_one_border_color__hover_enabled=&#8221;off&#8221; button_two_border_color__hover_enabled=&#8221;off&#8221; button_border_radius__hover_enabled=&#8221;off&#8221; button_one_border_radius__hover_enabled=&#8221;off&#8221; button_two_border_radius__hover_enabled=&#8221;off&#8221; button_letter_spacing__hover_enabled=&#8221;off&#8221; button_one_letter_spacing__hover_enabled=&#8221;off&#8221; button_two_letter_spacing__hover_enabled=&#8221;off&#8221; button_bg_color__hover_enabled=&#8221;off&#8221; button_one_bg_color__hover_enabled=&#8221;off&#8221; button_two_bg_color__hover_enabled=&#8221;off&#8221; sticky_transition=&#8221;on&#8221;]<\/p>\n<p style=\"text-align: center;\">Esame sertifikuoti\u00a0statybini\u0173 plieno konstrukcij\u0173 gamintojai<\/p>\n<p>[\/et_pb_slide][et_pb_slide heading=&#8221;Hidraulini\u0173 cilindr\u0173 gamyba ir remontas&#8221; button_text=&#8221;DAUGIAU&#8221; button_link=&#8221;\/hidrocilindru-remontas\/&#8221; use_bg_overlay=&#8221;on&#8221; bg_overlay_color=&#8221;rgba(0,0,0,0.4)&#8221; use_text_overlay=&#8221;off&#8221; _builder_version=&#8221;4.16&#8243; header_font=&#8221;|600|||||||&#8221; body_font=&#8221;|600|||||||&#8221; background_image=&#8221;https:\/\/new.mokana.lt\/wp-content\/uploads\/2024\/12\/hidrocilindai_remontas_gamyba_uab_mokana.jpg&#8221; custom_button=&#8221;on&#8221; button_bg_color=&#8221;#e42426&#8243; button_border_color=&#8221;#e42426&#8243; button_font=&#8221;||||||||&#8221; button_use_icon=&#8221;on&#8221; button_on_hover=&#8221;on&#8221; global_colors_info=&#8221;{}&#8221; button_text_size__hover_enabled=&#8221;off&#8221; button_one_text_size__hover_enabled=&#8221;off&#8221; button_two_text_size__hover_enabled=&#8221;off&#8221; button_text_color__hover_enabled=&#8221;off&#8221; button_one_text_color__hover_enabled=&#8221;off&#8221; button_two_text_color__hover_enabled=&#8221;off&#8221; button_border_width__hover_enabled=&#8221;off&#8221; button_one_border_width__hover_enabled=&#8221;off&#8221; button_two_border_width__hover_enabled=&#8221;off&#8221; button_border_color__hover_enabled=&#8221;off&#8221; button_one_border_color__hover_enabled=&#8221;off&#8221; button_two_border_color__hover_enabled=&#8221;off&#8221; button_border_radius__hover_enabled=&#8221;off&#8221; button_one_border_radius__hover_enabled=&#8221;off&#8221; button_two_border_radius__hover_enabled=&#8221;off&#8221; button_letter_spacing__hover_enabled=&#8221;off&#8221; button_one_letter_spacing__hover_enabled=&#8221;off&#8221; button_two_letter_spacing__hover_enabled=&#8221;off&#8221; button_bg_color__hover_enabled=&#8221;off&#8221; button_one_bg_color__hover_enabled=&#8221;off&#8221; button_two_bg_color__hover_enabled=&#8221;off&#8221; sticky_transition=&#8221;on&#8221;]<\/p>\n<p style=\"text-align: center;\">Gaminame ir remontuojame \u012fvairi\u0173 tip\u0173 hidrocilindrus<\/p>\n<p>[\/et_pb_slide][\/et_pb_fullwidth_slider][\/et_pb_section][et_pb_section fb_built=&#8221;1&#8243; _builder_version=&#8221;4.16&#8243; custom_padding=&#8221;54px|0px|54px|0|false|false&#8221; top_divider_color=&#8221;#d1d1d1&#8243; top_divider_height=&#8221;500px&#8221; global_colors_info=&#8221;{}&#8221;][et_pb_row _builder_version=&#8221;4.16&#8243; background_size=&#8221;initial&#8221; background_position=&#8221;top_left&#8221; background_repeat=&#8221;repeat&#8221; custom_padding=&#8221;0px|||&#8221; global_colors_info=&#8221;{}&#8221;][et_pb_column type=&#8221;4_4&#8243; _builder_version=&#8221;4.16&#8243; custom_padding=&#8221;|||&#8221; global_colors_info=&#8221;{}&#8221; custom_padding__hover=&#8221;|||&#8221;][et_pb_text _builder_version=&#8221;4.16&#8243; global_colors_info=&#8221;{}&#8221;]<\/p>\n<h2 style=\"text-align: center;\"><strong>DIRBAME NUO 1996 MET\u0172<\/strong><\/h2>\n<p>[\/et_pb_text][et_pb_divider color=&#8221;#e42426&#8243; divider_style=&#8221;double&#8221; divider_weight=&#8221;4px&#8221; _builder_version=&#8221;4.16&#8243; max_width=&#8221;17%&#8221; module_alignment=&#8221;center&#8221; height=&#8221;0px&#8221; custom_margin=&#8221;-27px||26px|&#8221; global_colors_info=&#8221;{}&#8221;][\/et_pb_divider][et_pb_text _builder_version=&#8221;4.16&#8243; global_colors_info=&#8221;{}&#8221;]<\/p>\n<p style=\"text-align: center;\">UAB Mokana technologin\u012f potencial\u0105 sudaro \u012fvairios paskirties metalo apdirbimo \u012frengimai, ir auk\u0161tos kvalifikacijos in\u017einerinis \u2013 techninis personalas bei darbininkai galintys na\u0161iai ir kokybi\u0161kai atlikti prisiimtus \u012fsipareigojimus klientams. Gaminama produkcija ir paslaugos tenkina Lietuvos \u012fmoni\u0173 poreikius, nema\u017ea dalis tenka Europos s\u0105jungos \u0161alims.<\/p>\n<p>[\/et_pb_text][\/et_pb_column][\/et_pb_row][et_pb_row column_structure=&#8221;1_3,1_3,1_3&#8243; module_class=&#8221; et_pb_row_fullwidth&#8221; _builder_version=&#8221;4.16&#8243; background_size=&#8221;initial&#8221; background_position=&#8221;top_left&#8221; background_repeat=&#8221;repeat&#8221; width=&#8221;89%&#8221; width_tablet=&#8221;80%&#8221; width_phone=&#8221;&#8221; width_last_edited=&#8221;on|desktop&#8221; max_width=&#8221;89%&#8221; max_width_tablet=&#8221;80%&#8221; max_width_phone=&#8221;&#8221; max_width_last_edited=&#8221;on|desktop&#8221; module_alignment=&#8221;center&#8221; animation_style=&#8221;fade&#8221; make_fullwidth=&#8221;on&#8221; global_colors_info=&#8221;{}&#8221;][et_pb_column type=&#8221;1_3&#8243; _builder_version=&#8221;4.16&#8243; custom_padding=&#8221;|||&#8221; global_colors_info=&#8221;{}&#8221; custom_padding__hover=&#8221;|||&#8221;][et_pb_blurb title=&#8221;AUTOMOBILVE\u017dIAI&#8221; image=&#8221;https:\/\/new.mokana.lt\/wp-content\/uploads\/2024\/12\/autoveziu_remontas_gamyba_uab_mokana.jpg&#8221; _builder_version=&#8221;4.16&#8243; header_font=&#8221;|600|||||||&#8221; header_text_align=&#8221;center&#8221; body_font=&#8221;||||||||&#8221; body_text_align=&#8221;center&#8221; body_text_color=&#8221;#000000&#8243; custom_margin=&#8221;|||&#8221; custom_padding=&#8221;||10px|&#8221; animation_style=&#8221;fade&#8221; custom_css_main_element=&#8221;||&#8221; custom_css_blurb_content=&#8221;p a {||color: #235875;||}||||p a:hover {||color: #007DC1;||}&#8221; border_width_all=&#8221;1px&#8221; border_color_all=&#8221;#c4c4c4&#8243; box_shadow_style=&#8221;preset1&#8243; global_colors_info=&#8221;{}&#8221;]<a href=\"\/?page_id=108\">Automobilve\u017ei\u0173 gamyba<\/a><br \/>\n<a href=\"\/?page_id=58\"> Automobilve\u017ei\u0173 remontas<\/a><br \/>\n<a href=\"\/?page_id=623\"> Automobilve\u017ei\u0173 atsargin\u0117s dalys<\/a><br \/>\n<a href=\"\/?page_id=64\"> Automobilve\u017ei\u0173 kuro bak\u0173 gamyba<\/a><br \/>\n[\/et_pb_blurb][et_pb_blurb title=&#8221;METALO KONSTRUKCIJOS&#8221; image=&#8221;https:\/\/new.mokana.lt\/wp-content\/uploads\/2024\/12\/statybines_konstrukcijos_uab_mokana.jpg&#8221; _builder_version=&#8221;4.16&#8243; header_font=&#8221;|600|||||||&#8221; header_text_align=&#8221;center&#8221; body_text_align=&#8221;center&#8221; body_text_color=&#8221;#000000&#8243; custom_margin=&#8221;|||&#8221; custom_padding=&#8221;||10px|&#8221; animation_style=&#8221;fade&#8221; custom_css_blurb_content=&#8221;p a {||color: #235875;||}||||p a:hover {||color: #007DC1;||}&#8221; border_width_all=&#8221;1px&#8221; border_color_all=&#8221;#c4c4c4&#8243; box_shadow_style=&#8221;preset1&#8243; global_colors_info=&#8221;{}&#8221;]<a href=\"\/?page_id=151\">Statybin\u0117s metalo konstrukcijos<\/a><br \/>\n<a href=\"\/?page_id=165\">Reklaminiai stendai ir skydai<\/a><br \/>\n[\/et_pb_blurb][\/et_pb_column][et_pb_column type=&#8221;1_3&#8243; _builder_version=&#8221;4.16&#8243; custom_padding=&#8221;|||&#8221; global_colors_info=&#8221;{}&#8221; custom_padding__hover=&#8221;|||&#8221;][et_pb_blurb title=&#8221;METALO APDIRBIMO PASLAUGOS&#8221; image=&#8221;https:\/\/new.mokana.lt\/wp-content\/uploads\/2024\/12\/metalo_apdirbimas_uab_mokana.jpg&#8221; _builder_version=&#8221;4.16&#8243; header_font=&#8221;|600|||||||&#8221; header_text_align=&#8221;center&#8221; body_text_align=&#8221;center&#8221; body_text_color=&#8221;#000000&#8243; custom_margin=&#8221;|||&#8221; custom_padding=&#8221;||10px|&#8221; animation_style=&#8221;fade&#8221; custom_css_blurb_content=&#8221;p a {||color: #235875;||}||||p a:hover {||color: #007DC1;||}&#8221; border_width_all=&#8221;1px&#8221; border_color_all=&#8221;#c4c4c4&#8243; box_shadow_style=&#8221;preset1&#8243; global_colors_info=&#8221;{}&#8221;]<a href=\"\/?page_id=134\">Metalo \u0161ratavimas<\/a><br \/>\n<a href=\"\/?page_id=134\"> Viriname plien\u0105, aliumin\u012f, \u0161pi\u017ei\u0173<\/a><br \/>\n<a href=\"\/?page_id=134\"> Lankstome \u012fvairius metalo profilius<\/a><br \/>\n<a href=\"\/?page_id=134\"> Karpome\u00a0iki 12 mm storio metalo lak\u0161tus<\/a><br \/>\n<a href=\"\/?page_id=134\"> Gaminame velenus, krumpliara\u010dius, movas, \u017evaig\u017edutes ir kitus gaminius<\/a><br \/>\n[\/et_pb_blurb][et_pb_blurb title=&#8221;HIDRAULINIAI CILINDRAI&#8221; image=&#8221;https:\/\/new.mokana.lt\/wp-content\/uploads\/2024\/12\/hidrocilindai_remontas_gamyba_uab_mokana.jpg&#8221; _builder_version=&#8221;4.16&#8243; header_font=&#8221;|600|||||||&#8221; header_text_align=&#8221;center&#8221; body_font=&#8221;||||||||&#8221; body_text_align=&#8221;center&#8221; body_text_color=&#8221;#000000&#8243; custom_margin=&#8221;|||&#8221; custom_padding=&#8221;||10px|&#8221; animation_style=&#8221;fade&#8221; custom_css_blurb_content=&#8221;p a {||color: #235875;||}||||p a:hover {||color: #007DC1;||}&#8221; border_width_all=&#8221;1px&#8221; border_color_all=&#8221;#c4c4c4&#8243; box_shadow_style=&#8221;preset1&#8243; global_colors_info=&#8221;{}&#8221;]<a href=\"\/?page_id=146\">Hidrocilind\u0173 remontas<\/a><br \/>\n<a href=\"\/?page_id=146\"> Hidrocilindr\u0173 gamyba pagal u\u017esakymus<\/a><br \/>\n[\/et_pb_blurb][\/et_pb_column][et_pb_column type=&#8221;1_3&#8243; _builder_version=&#8221;4.16&#8243; custom_padding=&#8221;|||&#8221; global_colors_info=&#8221;{}&#8221; custom_padding__hover=&#8221;|||&#8221;][et_pb_blurb title=&#8221;NESTANDARTINIAI GAMINIAI&#8221; image=&#8221;https:\/\/new.mokana.lt\/wp-content\/uploads\/2024\/12\/metal_fence-wallpaper-1920&#215;1080-1.jpg&#8221; _builder_version=&#8221;4.16&#8243; header_font=&#8221;|600|||||||&#8221; header_text_align=&#8221;center&#8221; body_text_align=&#8221;center&#8221; body_text_color=&#8221;#000000&#8243; custom_margin=&#8221;|||&#8221; custom_padding=&#8221;||10px|&#8221; animation_style=&#8221;fade&#8221; custom_css_blurb_content=&#8221;p a {||color: #235875;||}||||p a:hover {||color: #007DC1;||}&#8221; border_width_all=&#8221;1px&#8221; border_color_all=&#8221;#c4c4c4&#8243; box_shadow_style=&#8221;preset1&#8243; global_colors_info=&#8221;{}&#8221;]<a href=\"\/?page_id=138\">Nestandartini\u0173 \u012frengim\u0173 gamyba<\/a><br \/>\n<a href=\"\/?page_id=156\">Nestandartini\u0173 konteineri\u0173 gamyba<\/a><br \/>\n<a href=\"\/?page_id=142\">Tvor\u0173, vart\u0173, tur\u0117kl\u0173, laipt\u0173 gamyba ir projektavimas<\/a><br \/>\n[\/et_pb_blurb][et_pb_blurb title=&#8221;\u017dEM\u0116S \u016aKIUI&#8221; image=&#8221;https:\/\/new.mokana.lt\/wp-content\/uploads\/2024\/12\/zemes_ukio_technikos_remontas_uab_mokana.jpg&#8221; _builder_version=&#8221;4.16&#8243; header_font=&#8221;|600|||||||&#8221; header_text_align=&#8221;center&#8221; body_text_align=&#8221;center&#8221; body_text_color=&#8221;#000000&#8243; custom_margin=&#8221;|||&#8221; custom_padding=&#8221;||10px|&#8221; animation_style=&#8221;fade&#8221; custom_css_blurb_content=&#8221;p a {||color: #235875;||}||||p a:hover {||color: #007DC1;||}&#8221; border_width_all=&#8221;1px&#8221; border_color_all=&#8221;#c4c4c4&#8243; box_shadow_style=&#8221;preset1&#8243; global_colors_info=&#8221;{}&#8221;]<a href=\"\/?page_id=205\">\u017dem\u0117s \u016bkio technikos remontas<\/a><br \/>\n<a href=\"\/?page_id=205\"> \u017dem\u0117s \u016bkio padarg\u0173 gamyba ir remontas<\/a><br \/>\n[\/et_pb_blurb][\/et_pb_column][\/et_pb_row][\/et_pb_section]<\/p>\n","protected":false},"excerpt":{"rendered":"<p>Remontuojame ir gaminame \u012fvairi\u0173 tip\u0173 automobilve\u017eius Vart\u0173, tvor\u0173, varteli\u0173, tur\u0117kl\u0173, gamyba. \u012erengim\u0173 projektavimas ir gamyba Metalo \u0161ratavimas, virinimas, lankstymas, karpymas ir kitos paslaugos \u017dem\u0117s \u016bkio technikos remontas, padarg\u0173 gamyba Esame sertifikuoti\u00a0statybini\u0173 plieno konstrukcij\u0173 gamintojai Gaminame ir remontuojame \u012fvairi\u0173 tip\u0173 hidrocilindrus DIRBAME NUO 1996 MET\u0172 UAB Mokana technologin\u012f potencial\u0105 sudaro \u012fvairios paskirties metalo apdirbimo \u012frengimai, ir auk\u0161tos kvalifikacijos in\u017einerinis \u2013 techninis personalas bei darbininkai galintys na\u0161iai ir kokybi\u0161kai atlikti prisiimtus \u012fsipareigojimus klientams. Gaminama produkcija ir paslaugos tenkina Lietuvos \u012fmoni\u0173 poreikius, nema\u017ea dalis tenka Europos s\u0105jungos \u0161alims. Automobilve\u017ei\u0173 gamyba Automobilve\u017ei\u0173 remontas Automobilve\u017ei\u0173 atsargin\u0117s dalys Automobilve\u017ei\u0173 kuro bak\u0173 gamyba Statybin\u0117s metalo konstrukcijos Reklaminiai stendai ir skydai Metalo \u0161ratavimas Viriname plien\u0105, aliumin\u012f, \u0161pi\u017ei\u0173 Lankstome \u012fvairius metalo profilius Karpome\u00a0iki 12 mm storio metalo lak\u0161tus Gaminame velenus, krumpliara\u010dius, movas, \u017evaig\u017edutes ir kitus gaminius Hidrocilind\u0173 remontas Hidrocilindr\u0173 gamyba pagal u\u017esakymus Nestandartini\u0173 \u012frengim\u0173 gamyba Nestandartini\u0173 konteineri\u0173 gamyba Tvor\u0173, vart\u0173, tur\u0117kl\u0173, laipt\u0173 gamyba ir projektavimas \u017dem\u0117s \u016bkio technikos remontas \u017dem\u0117s \u016bkio padarg\u0173 gamyba ir remontas<\/p>\n","protected":false},"author":2,"featured_media":0,"parent":0,"menu_order":0,"comment_status":"closed","ping_status":"closed","template":"","meta":{"_et_pb_use_builder":"on","_et_pb_old_content":"","_et_gb_content_width":"","footnotes":""},"class_list":["post-117","page","type-page","status-publish","hentry"],"_links":{"self":[{"href":"https:\/\/mokana.lt\/wp-json\/wp\/v2\/pages\/117","targetHints":{"allow":["GET"]}}],"collection":[{"href":"https:\/\/mokana.lt\/wp-json\/wp\/v2\/pages"}],"about":[{"href":"https:\/\/mokana.lt\/wp-json\/wp\/v2\/types\/page"}],"author":[{"embeddable":true,"href":"https:\/\/mokana.lt\/wp-json\/wp\/v2\/users\/2"}],"replies":[{"embeddable":true,"href":"https:\/\/mokana.lt\/wp-json\/wp\/v2\/comments?post=117"}],"version-history":[{"count":4,"href":"https:\/\/mokana.lt\/wp-json\/wp\/v2\/pages\/117\/revisions"}],"predecessor-version":[{"id":455,"href":"https:\/\/mokana.lt\/wp-json\/wp\/v2\/pages\/117\/revisions\/455"}],"wp:attachment":[{"href":"https:\/\/mokana.lt\/wp-json\/wp\/v2\/media?parent=117"}],"curies":[{"name":"wp","href":"https:\/\/api.w.org\/{rel}","templated":true}]}}