{"id":49,"date":"2024-12-05T10:39:39","date_gmt":"2024-12-05T10:39:39","guid":{"rendered":"https:\/\/new.mokana.lt\/?page_id=49"},"modified":"2026-03-31T17:10:15","modified_gmt":"2026-03-31T14:10:15","slug":"kontaktai","status":"publish","type":"page","link":"https:\/\/mokana.lt\/kontaktai\/","title":{"rendered":"Kontaktai"},"content":{"rendered":"<p>[et_pb_section fb_built=&#8221;1&#8243; fullwidth=&#8221;on&#8221; _builder_version=&#8221;4.16&#8243; use_background_color_gradient=&#8221;on&#8221; background_color_gradient_stops=&#8221;#0a905d 0%|#005636 100%&#8221; background_color_gradient_start=&#8221;#0a905d&#8221; background_color_gradient_end=&#8221;#005636&#8243; custom_margin=&#8221;|||&#8221; custom_padding=&#8221;|||&#8221; background_color_gradient_stops_tablet=&#8221;#0a905d 0%|#005636 100%&#8221; background_color_gradient_stops_phone=&#8221;#0a905d 0%|#005636 100%&#8221; border_color_bottom=&#8221;#000000&#8243; box_shadow_style=&#8221;preset3&#8243; box_shadow_vertical=&#8221;10px&#8221; global_colors_info=&#8221;{}&#8221;][et_pb_fullwidth_post_title meta=&#8221;off&#8221; featured_image=&#8221;off&#8221; _builder_version=&#8221;4.16&#8243; title_font=&#8221;|700|||||||&#8221; title_text_align=&#8221;center&#8221; title_text_color=&#8221;#ffffff&#8221; text_orientation=&#8221;center&#8221; custom_margin=&#8221;|||&#8221; custom_padding=&#8221;40px||30px|&#8221; title_text_shadow_style=&#8221;preset1&#8243; text_shadow_style=&#8221;preset1&#8243; global_colors_info=&#8221;{}&#8221;][\/et_pb_fullwidth_post_title][\/et_pb_section][et_pb_section fb_built=&#8221;1&#8243; _builder_version=&#8221;4.27.6&#8243; hover_enabled=&#8221;0&#8243; global_colors_info=&#8221;{}&#8221; sticky_enabled=&#8221;0&#8243;][et_pb_row column_structure=&#8221;1_3,2_3&#8243; _builder_version=&#8221;4.16&#8243; background_size=&#8221;initial&#8221; background_position=&#8221;top_left&#8221; background_repeat=&#8221;repeat&#8221; global_colors_info=&#8221;{}&#8221;][et_pb_column type=&#8221;1_3&#8243; _builder_version=&#8221;4.16&#8243; custom_padding=&#8221;|||&#8221; global_colors_info=&#8221;{}&#8221; custom_padding__hover=&#8221;|||&#8221;][et_pb_text _builder_version=&#8221;4.16&#8243; global_colors_info=&#8221;{}&#8221;]<\/p>\n<h2><strong>UAB &#8220;MOKANA&#8221;<\/strong><\/h2>\n<p>\u012emon\u0117s kodas: 165771112<strong><br \/>\n<\/strong>PVM mok\u0117tojo kodas: LT657711113<\/p>\n<p>\u0104\u017euol\u0173 g. 61, Mokol\u0173 k., \u0160unsk\u0173 sen.,<br \/>\nLT &#8211; 68460, Marijampol\u0117<br \/>\nLietuvos Respublika<\/p>\n<p>Telefonas: <a href=\"callto:+37034320095\">+370 343 20095<\/a><br \/>\nEl. pa\u0161tas: <a href=\"mailto:info@mokana.lt\">info@mokana.lt<\/a><br \/>\n[\/et_pb_text][\/et_pb_column][et_pb_column type=&#8221;2_3&#8243; _builder_version=&#8221;4.16&#8243; custom_padding=&#8221;|||&#8221; global_colors_info=&#8221;{}&#8221; custom_padding__hover=&#8221;|||&#8221;][dsm_embed_google_map address=&#8221;mokana&#8221; zoom=&#8221;13&#8243; _builder_version=&#8221;4.27.6&#8243; _module_preset=&#8221;default&#8221; global_colors_info=&#8221;{}&#8221;][\/dsm_embed_google_map][\/et_pb_column][\/et_pb_row][et_pb_row _builder_version=&#8221;4.16&#8243; background_size=&#8221;initial&#8221; background_position=&#8221;top_left&#8221; background_repeat=&#8221;repeat&#8221; global_colors_info=&#8221;{}&#8221;][et_pb_column type=&#8221;4_4&#8243; _builder_version=&#8221;4.16&#8243; custom_padding=&#8221;|||&#8221; global_colors_info=&#8221;{}&#8221; custom_padding__hover=&#8221;|||&#8221;][et_pb_text _builder_version=&#8221;4.27.6&#8243; global_colors_info=&#8221;{}&#8221;]<\/p>\n<h2><strong>Kontaktai:<\/strong><\/h2>\n<p>Direktorius<br \/><strong>Vidmantas Kulbokas +37069929630<\/strong><\/p>\n<p>Automobilve\u017ei\u0173 gamybos ir remonto, kuro bak\u0173 gamybos ir remonto, a\u0161i\u0173 restauracijos, metalo lak\u0161t\u0173 karpymo bei lankstymo klausimais<br \/><strong>Marius \u0160lyteris +370 685 13936<\/strong><\/p>\n<p>Automobilve\u017ei\u0173 atsargini\u0173 dali\u0173 gamybos, \u012fvairios paskirties mazg\u0173 bei agregat\u0173 remonto, krumpliara\u010di\u0173, velen\u0173 ir kit\u0173 \u012fvairios paskirties dali\u0173 gamybos bei restauracijos klausimais<br \/><strong>Romutis Aleknavi\u010dius +370 687 99062<\/strong><\/p>\n<p>Statybini\u0173 metalo konstrukcij\u0173 gamybos klausimais<br \/><strong>Arvydas Plankis +370 685 82606<\/strong><\/p>\n<p>Tvor\u0173, vart\u0173, laipt\u0173, stogeli\u0173, interjero ir eksterjero gamini\u0173 gamybos ir montavimo klausimais<br \/><strong>Romualdas \u0160\u010devinskis +370 699 88500<\/strong><br \/><strong>Ernestas \u0160\u010devinskis +370 699 85845<\/strong><\/p>\n<p>[\/et_pb_text][\/et_pb_column][\/et_pb_row][\/et_pb_section]<\/p>\n","protected":false},"excerpt":{"rendered":"<p>UAB &#8220;MOKANA&#8221; \u012emon\u0117s kodas: 165771112 PVM mok\u0117tojo kodas: LT657711113 \u0104\u017euol\u0173 g. 61, Mokol\u0173 k., \u0160unsk\u0173 sen., LT &#8211; 68460, Marijampol\u0117 Lietuvos Respublika Telefonas: +370 343 20095 El. pa\u0161tas: info@mokana.lt <div class=\"et_pb_module dsm_embed_google_map dsm_embed_google_map_0\">\n\t\t\t\t\n\t\t\t\t\n\t\t\t\t\n\t\t\t\t\n\t\t\t\t\n\t\t\t\t\n\t\t\t\t<div class=\"et_pb_module_inner\">\n\t\t\t\t\t<iframe loading=\"lazy\" frameborder=\"0\" scrolling=\"no\" marginheight=\"0\" marginwidth=\"0\" referrerPolicy=\"no-referrer-when-downgrade\" src=\"https:\/\/maps.google.com\/maps?q=mokana&amp;t=m&amp;z=13&amp;output=embed&amp;iwloc=near&hl=en\" aria-label=\"mokana\"><\/iframe>\n\t\t\t\t<\/div>\n\t\t\t<\/div>Kontaktai: DirektoriusVidmantas Kulbokas +37069929630 Automobilve\u017ei\u0173 gamybos ir remonto, kuro bak\u0173 gamybos ir remonto, a\u0161i\u0173 restauracijos, metalo lak\u0161t\u0173 karpymo bei lankstymo klausimaisMarius \u0160lyteris +370 685 13936 Automobilve\u017ei\u0173 atsargini\u0173 dali\u0173 gamybos, \u012fvairios paskirties mazg\u0173 bei agregat\u0173 remonto, krumpliara\u010di\u0173, velen\u0173 ir kit\u0173 \u012fvairios paskirties dali\u0173 gamybos bei restauracijos klausimaisRomutis Aleknavi\u010dius +370 687 99062 Statybini\u0173 metalo konstrukcij\u0173 gamybos klausimaisArvydas Plankis +370 685 82606 Tvor\u0173, vart\u0173, laipt\u0173, stogeli\u0173, interjero ir eksterjero gamini\u0173 gamybos ir montavimo klausimaisRomualdas \u0160\u010devinskis +370 699 88500Ernestas \u0160\u010devinskis +370 699 85845<\/p>\n","protected":false},"author":2,"featured_media":0,"parent":0,"menu_order":0,"comment_status":"closed","ping_status":"closed","template":"","meta":{"_et_pb_use_builder":"on","_et_pb_old_content":"","_et_gb_content_width":"","footnotes":""},"class_list":["post-49","page","type-page","status-publish","hentry"],"_links":{"self":[{"href":"https:\/\/mokana.lt\/wp-json\/wp\/v2\/pages\/49","targetHints":{"allow":["GET"]}}],"collection":[{"href":"https:\/\/mokana.lt\/wp-json\/wp\/v2\/pages"}],"about":[{"href":"https:\/\/mokana.lt\/wp-json\/wp\/v2\/types\/page"}],"author":[{"embeddable":true,"href":"https:\/\/mokana.lt\/wp-json\/wp\/v2\/users\/2"}],"replies":[{"embeddable":true,"href":"https:\/\/mokana.lt\/wp-json\/wp\/v2\/comments?post=49"}],"version-history":[{"count":6,"href":"https:\/\/mokana.lt\/wp-json\/wp\/v2\/pages\/49\/revisions"}],"predecessor-version":[{"id":473,"href":"https:\/\/mokana.lt\/wp-json\/wp\/v2\/pages\/49\/revisions\/473"}],"wp:attachment":[{"href":"https:\/\/mokana.lt\/wp-json\/wp\/v2\/media?parent=49"}],"curies":[{"name":"wp","href":"https:\/\/api.w.org\/{rel}","templated":true}]}}