{"id":64,"date":"2024-12-05T10:40:35","date_gmt":"2024-12-05T10:40:35","guid":{"rendered":"https:\/\/new.mokana.lt\/?page_id=64"},"modified":"2026-03-31T16:57:14","modified_gmt":"2026-03-31T13:57:14","slug":"metalo-gaminiai","status":"publish","type":"page","link":"https:\/\/mokana.lt\/metalo-gaminiai\/","title":{"rendered":"Metalo gaminiai"},"content":{"rendered":"<p>[et_pb_section fb_built=&#8221;1&#8243; fullwidth=&#8221;on&#8221; _builder_version=&#8221;4.16&#8243; use_background_color_gradient=&#8221;on&#8221; background_color_gradient_stops=&#8221;#0a905d 0%|#005636 100%&#8221; background_color_gradient_start=&#8221;#0a905d&#8221; background_color_gradient_end=&#8221;#005636&#8243; custom_margin=&#8221;|||&#8221; custom_padding=&#8221;|||&#8221; background_color_gradient_stops_tablet=&#8221;#0a905d 0%|#005636 100%&#8221; background_color_gradient_stops_phone=&#8221;#0a905d 0%|#005636 100%&#8221; border_color_bottom=&#8221;#000000&#8243; box_shadow_style=&#8221;preset3&#8243; box_shadow_vertical=&#8221;10px&#8221; global_colors_info=&#8221;{}&#8221;][et_pb_fullwidth_post_title meta=&#8221;off&#8221; featured_image=&#8221;off&#8221; _builder_version=&#8221;4.16&#8243; title_font=&#8221;|700|||||||&#8221; title_text_align=&#8221;center&#8221; title_text_color=&#8221;#ffffff&#8221; text_orientation=&#8221;center&#8221; custom_margin=&#8221;|||&#8221; custom_padding=&#8221;40px||30px|&#8221; title_text_shadow_style=&#8221;preset1&#8243; text_shadow_style=&#8221;preset1&#8243; global_colors_info=&#8221;{}&#8221;][\/et_pb_fullwidth_post_title][\/et_pb_section][et_pb_section fb_built=&#8221;1&#8243; _builder_version=&#8221;4.16&#8243; global_colors_info=&#8221;{}&#8221;][et_pb_row _builder_version=&#8221;4.16&#8243; background_size=&#8221;initial&#8221; background_position=&#8221;top_left&#8221; background_repeat=&#8221;repeat&#8221; global_colors_info=&#8221;{}&#8221;][et_pb_column type=&#8221;4_4&#8243; _builder_version=&#8221;4.16&#8243; custom_padding=&#8221;|||&#8221; global_colors_info=&#8221;{}&#8221; custom_padding__hover=&#8221;|||&#8221;][et_pb_text _builder_version=&#8221;4.16&#8243; global_colors_info=&#8221;{}&#8221;]I\u0161 metalo, ner\u016bdijan\u010dio plieno gaminame laiptus, balkonus, tur\u0117klus, tvoras, vartus ir vart\u0173 sistemas.<\/p>\n<p><strong>Darb\u0173 pavyzd\u017eiai:<\/strong><br \/>\n[\/et_pb_text][et_pb_gallery gallery_ids=&#8221;1015,1017,1019,1021,1023,1025,1027,1029&#8243; show_title_and_caption=&#8221;off&#8221; zoom_icon_color=&#8221;#0a0a0a&#8221; _builder_version=&#8221;4.16&#8243; global_colors_info=&#8221;{}&#8221;][\/et_pb_gallery][et_pb_gallery gallery_ids=&#8221;1052,1054,1056,1058,1060,1062,1064,1073&#8243; show_title_and_caption=&#8221;off&#8221; zoom_icon_color=&#8221;#0a0a0a&#8221; _builder_version=&#8221;4.16&#8243; global_colors_info=&#8221;{}&#8221;][\/et_pb_gallery][et_pb_gallery gallery_ids=&#8221;1085,1087,1089,1091,1093,1095,1097&#8243; show_title_and_caption=&#8221;off&#8221; zoom_icon_color=&#8221;#0a0a0a&#8221; _builder_version=&#8221;4.16&#8243; global_colors_info=&#8221;{}&#8221;][\/et_pb_gallery][et_pb_gallery gallery_ids=&#8221;1159,1161,1163,1165,1167,1169,1171&#8243; show_title_and_caption=&#8221;off&#8221; zoom_icon_color=&#8221;#0a0a0a&#8221; _builder_version=&#8221;4.16&#8243; global_colors_info=&#8221;{}&#8221;][\/et_pb_gallery][et_pb_gallery gallery_ids=&#8221;1134,1136,1138,1140,1142,1144,1146,1148,1150,1152,1154,1156&#8243; show_title_and_caption=&#8221;off&#8221; zoom_icon_color=&#8221;#0a0a0a&#8221; _builder_version=&#8221;4.16&#8243; global_colors_info=&#8221;{}&#8221;][\/et_pb_gallery][et_pb_gallery gallery_ids=&#8221;1111,1113,1115,1117,1119,1121,1123&#8243; show_title_and_caption=&#8221;off&#8221; zoom_icon_color=&#8221;#0a0a0a&#8221; _builder_version=&#8221;4.16&#8243; global_colors_info=&#8221;{}&#8221;][\/et_pb_gallery][et_pb_gallery gallery_ids=&#8221;1174,1176,1178,1180,1182,1184,1186&#8243; show_title_and_caption=&#8221;off&#8221; zoom_icon_color=&#8221;#0a0a0a&#8221; _builder_version=&#8221;4.16&#8243; global_colors_info=&#8221;{}&#8221;][\/et_pb_gallery][et_pb_gallery gallery_ids=&#8221;1044,1046,1048,1050&#8243; show_title_and_caption=&#8221;off&#8221; zoom_icon_color=&#8221;#0a0a0a&#8221; _builder_version=&#8221;4.16&#8243; global_colors_info=&#8221;{}&#8221;][\/et_pb_gallery][et_pb_gallery gallery_ids=&#8221;1031,1033,1035&#8243; posts_number=&#8221;3&#8243; show_title_and_caption=&#8221;off&#8221; zoom_icon_color=&#8221;#0a0a0a&#8221; _builder_version=&#8221;4.16&#8243; global_colors_info=&#8221;{}&#8221;][\/et_pb_gallery][et_pb_gallery gallery_ids=&#8221;1038,1040,1042&#8243; posts_number=&#8221;3&#8243; show_title_and_caption=&#8221;off&#8221; zoom_icon_color=&#8221;#0a0a0a&#8221; _builder_version=&#8221;4.16&#8243; global_colors_info=&#8221;{}&#8221;][\/et_pb_gallery][et_pb_gallery gallery_ids=&#8221;1099,1101,1103&#8243; posts_number=&#8221;3&#8243; show_title_and_caption=&#8221;off&#8221; zoom_icon_color=&#8221;#0a0a0a&#8221; _builder_version=&#8221;4.16&#8243; global_colors_info=&#8221;{}&#8221;][\/et_pb_gallery][et_pb_gallery gallery_ids=&#8221;319,316,317,318,322,320,321,323&#8243; show_title_and_caption=&#8221;off&#8221; zoom_icon_color=&#8221;#0a0a0a&#8221; _builder_version=&#8221;4.27.4&#8243; global_colors_info=&#8221;{}&#8221;][\/et_pb_gallery][et_pb_gallery gallery_ids=&#8221;332,325,326,327,328,329,330,331&#8243; show_title_and_caption=&#8221;off&#8221; zoom_icon_color=&#8221;#0a0a0a&#8221; _builder_version=&#8221;4.27.4&#8243; global_colors_info=&#8221;{}&#8221;][\/et_pb_gallery][et_pb_gallery gallery_ids=&#8221;333,334,335,336,337,338,339&#8243; show_title_and_caption=&#8221;off&#8221; zoom_icon_color=&#8221;#0a0a0a&#8221; _builder_version=&#8221;4.27.4&#8243; global_colors_info=&#8221;{}&#8221;][\/et_pb_gallery][et_pb_gallery gallery_ids=&#8221;344,345,346,340,341,342,343&#8243; show_title_and_caption=&#8221;off&#8221; zoom_icon_color=&#8221;#0a0a0a&#8221; _builder_version=&#8221;4.27.4&#8243; global_colors_info=&#8221;{}&#8221;][\/et_pb_gallery][et_pb_gallery gallery_ids=&#8221;347,348,349,350,351,352,353,354,355,356,357,358&#8243; show_title_and_caption=&#8221;off&#8221; zoom_icon_color=&#8221;#0a0a0a&#8221; _builder_version=&#8221;4.27.4&#8243; global_colors_info=&#8221;{}&#8221;][\/et_pb_gallery][et_pb_gallery gallery_ids=&#8221;347,348,349,350,351,352,353,354,355,356,357,358&#8243; show_title_and_caption=&#8221;off&#8221; zoom_icon_color=&#8221;#0a0a0a&#8221; _builder_version=&#8221;4.27.4&#8243; global_colors_info=&#8221;{}&#8221;][\/et_pb_gallery][et_pb_gallery gallery_ids=&#8221;365,363,364,362,359,360,361&#8243; show_title_and_caption=&#8221;off&#8221; zoom_icon_color=&#8221;#0a0a0a&#8221; _builder_version=&#8221;4.27.4&#8243; global_colors_info=&#8221;{}&#8221;][\/et_pb_gallery][et_pb_gallery gallery_ids=&#8221;370,371,372,366,367,368,369&#8243; show_title_and_caption=&#8221;off&#8221; zoom_icon_color=&#8221;#0a0a0a&#8221; _builder_version=&#8221;4.27.4&#8243; global_colors_info=&#8221;{}&#8221;][\/et_pb_gallery][et_pb_gallery gallery_ids=&#8221;375,373,374,376&#8243; show_title_and_caption=&#8221;off&#8221; zoom_icon_color=&#8221;#0a0a0a&#8221; _builder_version=&#8221;4.27.4&#8243; global_colors_info=&#8221;{}&#8221;][\/et_pb_gallery][et_pb_gallery gallery_ids=&#8221;379,377,378&#8243; show_title_and_caption=&#8221;off&#8221; zoom_icon_color=&#8221;#0a0a0a&#8221; _builder_version=&#8221;4.27.4&#8243; global_colors_info=&#8221;{}&#8221;][\/et_pb_gallery][et_pb_gallery gallery_ids=&#8221;382,380,381&#8243; show_title_and_caption=&#8221;off&#8221; zoom_icon_color=&#8221;#0a0a0a&#8221; _builder_version=&#8221;4.27.4&#8243; global_colors_info=&#8221;{}&#8221;][\/et_pb_gallery][et_pb_gallery gallery_ids=&#8221;385,383,384&#8243; show_title_and_caption=&#8221;off&#8221; zoom_icon_color=&#8221;#0a0a0a&#8221; _builder_version=&#8221;4.27.4&#8243; global_colors_info=&#8221;{}&#8221;][\/et_pb_gallery][et_pb_gallery gallery_ids=&#8221;1105,388,386,387&#8243; posts_number=&#8221;3&#8243; show_title_and_caption=&#8221;off&#8221; zoom_icon_color=&#8221;#0a0a0a&#8221; _builder_version=&#8221;4.27.4&#8243; global_colors_info=&#8221;{}&#8221;][\/et_pb_gallery][et_pb_gallery gallery_ids=&#8221;310,311,312&#8243; show_title_and_caption=&#8221;off&#8221; zoom_icon_color=&#8221;#0a0a0a&#8221; _builder_version=&#8221;4.16&#8243; global_colors_info=&#8221;{}&#8221;][\/et_pb_gallery][\/et_pb_column][\/et_pb_row][\/et_pb_section]<\/p>\n","protected":false},"excerpt":{"rendered":"<p>I\u0161 metalo, ner\u016bdijan\u010dio plieno gaminame laiptus, balkonus, tur\u0117klus, tvoras, vartus ir vart\u0173 sistemas. Darb\u0173 pavyzd\u017eiai:<\/p>\n","protected":false},"author":2,"featured_media":0,"parent":0,"menu_order":0,"comment_status":"closed","ping_status":"closed","template":"","meta":{"_et_pb_use_builder":"on","_et_pb_old_content":"","_et_gb_content_width":"","footnotes":""},"class_list":["post-64","page","type-page","status-publish","hentry"],"_links":{"self":[{"href":"https:\/\/mokana.lt\/wp-json\/wp\/v2\/pages\/64","targetHints":{"allow":["GET"]}}],"collection":[{"href":"https:\/\/mokana.lt\/wp-json\/wp\/v2\/pages"}],"about":[{"href":"https:\/\/mokana.lt\/wp-json\/wp\/v2\/types\/page"}],"author":[{"embeddable":true,"href":"https:\/\/mokana.lt\/wp-json\/wp\/v2\/users\/2"}],"replies":[{"embeddable":true,"href":"https:\/\/mokana.lt\/wp-json\/wp\/v2\/comments?post=64"}],"version-history":[{"count":6,"href":"https:\/\/mokana.lt\/wp-json\/wp\/v2\/pages\/64\/revisions"}],"predecessor-version":[{"id":451,"href":"https:\/\/mokana.lt\/wp-json\/wp\/v2\/pages\/64\/revisions\/451"}],"wp:attachment":[{"href":"https:\/\/mokana.lt\/wp-json\/wp\/v2\/media?parent=64"}],"curies":[{"name":"wp","href":"https:\/\/api.w.org\/{rel}","templated":true}]}}