{"id":67,"date":"2024-12-05T10:40:44","date_gmt":"2024-12-05T10:40:44","guid":{"rendered":"https:\/\/new.mokana.lt\/?page_id=67"},"modified":"2026-03-31T16:58:31","modified_gmt":"2026-03-31T13:58:31","slug":"nestandartiniai-irengimai","status":"publish","type":"page","link":"https:\/\/mokana.lt\/nestandartiniai-irengimai\/","title":{"rendered":"Nestandartiniai \u012frengimai"},"content":{"rendered":"<p>[et_pb_section fb_built=&#8221;1&#8243; fullwidth=&#8221;on&#8221; _builder_version=&#8221;4.16&#8243; use_background_color_gradient=&#8221;on&#8221; background_color_gradient_stops=&#8221;#0a905d 0%|#005636 100%&#8221; background_color_gradient_start=&#8221;#0a905d&#8221; background_color_gradient_end=&#8221;#005636&#8243; custom_margin=&#8221;|||&#8221; custom_padding=&#8221;|||&#8221; background_color_gradient_stops_tablet=&#8221;#0a905d 0%|#005636 100%&#8221; background_color_gradient_stops_phone=&#8221;#0a905d 0%|#005636 100%&#8221; border_color_bottom=&#8221;#000000&#8243; box_shadow_style=&#8221;preset3&#8243; box_shadow_vertical=&#8221;10px&#8221; global_colors_info=&#8221;{}&#8221;][et_pb_fullwidth_post_title meta=&#8221;off&#8221; featured_image=&#8221;off&#8221; _builder_version=&#8221;4.16&#8243; title_font=&#8221;|700|||||||&#8221; title_text_align=&#8221;center&#8221; title_text_color=&#8221;#ffffff&#8221; text_orientation=&#8221;center&#8221; custom_margin=&#8221;|||&#8221; custom_padding=&#8221;40px||30px|&#8221; title_text_shadow_style=&#8221;preset1&#8243; text_shadow_style=&#8221;preset1&#8243; global_colors_info=&#8221;{}&#8221;][\/et_pb_fullwidth_post_title][\/et_pb_section][et_pb_section fb_built=&#8221;1&#8243; _builder_version=&#8221;4.16&#8243; global_colors_info=&#8221;{}&#8221;][et_pb_row _builder_version=&#8221;4.16&#8243; background_size=&#8221;initial&#8221; background_position=&#8221;top_left&#8221; background_repeat=&#8221;repeat&#8221; global_colors_info=&#8221;{}&#8221;][et_pb_column type=&#8221;4_4&#8243; _builder_version=&#8221;4.16&#8243; custom_padding=&#8221;|||&#8221; global_colors_info=&#8221;{}&#8221; custom_padding__hover=&#8221;|||&#8221;][et_pb_text _builder_version=&#8221;4.16&#8243; global_colors_info=&#8221;{}&#8221;]Gaminame nestandartinius gaminius pagal u\u017esakovo pateiktus br\u0117\u017einius.<\/p>\n<p>Taip pat atliekame projektavimo darbus pagal u\u017esakovo pateikt\u0105 technin\u0119 u\u017eduot\u012f.<\/p>\n<p>Turime patirt\u012f projektuojant, gaminant ir montuojant \u012fvairios paskirties\u00a0grandininius ir juostinius transporterius tr\u0105\u0161\u0173, pa\u0161ar\u0173, medienos atliek\u0173 ir kit\u0173 produkt\u0173 transportavimui.<br \/>\n[\/et_pb_text][\/et_pb_column][\/et_pb_row][\/et_pb_section]<\/p>\n","protected":false},"excerpt":{"rendered":"<p>Gaminame nestandartinius gaminius pagal u\u017esakovo pateiktus br\u0117\u017einius. Taip pat atliekame projektavimo darbus pagal u\u017esakovo pateikt\u0105 technin\u0119 u\u017eduot\u012f. Turime patirt\u012f projektuojant, gaminant ir montuojant \u012fvairios paskirties\u00a0grandininius ir juostinius transporterius tr\u0105\u0161\u0173, pa\u0161ar\u0173, medienos atliek\u0173 ir kit\u0173 produkt\u0173 transportavimui.<\/p>\n","protected":false},"author":2,"featured_media":0,"parent":0,"menu_order":0,"comment_status":"closed","ping_status":"closed","template":"","meta":{"_et_pb_use_builder":"on","_et_pb_old_content":"","_et_gb_content_width":"","footnotes":""},"class_list":["post-67","page","type-page","status-publish","hentry"],"_links":{"self":[{"href":"https:\/\/mokana.lt\/wp-json\/wp\/v2\/pages\/67","targetHints":{"allow":["GET"]}}],"collection":[{"href":"https:\/\/mokana.lt\/wp-json\/wp\/v2\/pages"}],"about":[{"href":"https:\/\/mokana.lt\/wp-json\/wp\/v2\/types\/page"}],"author":[{"embeddable":true,"href":"https:\/\/mokana.lt\/wp-json\/wp\/v2\/users\/2"}],"replies":[{"embeddable":true,"href":"https:\/\/mokana.lt\/wp-json\/wp\/v2\/comments?post=67"}],"version-history":[{"count":5,"href":"https:\/\/mokana.lt\/wp-json\/wp\/v2\/pages\/67\/revisions"}],"predecessor-version":[{"id":453,"href":"https:\/\/mokana.lt\/wp-json\/wp\/v2\/pages\/67\/revisions\/453"}],"wp:attachment":[{"href":"https:\/\/mokana.lt\/wp-json\/wp\/v2\/media?parent=67"}],"curies":[{"name":"wp","href":"https:\/\/api.w.org\/{rel}","templated":true}]}}